{"id":7469,"date":"2019-07-04T09:54:44","date_gmt":"2019-07-04T07:54:44","guid":{"rendered":"https:\/\/richel-group.fr\/?page_id=7469"},"modified":"2021-02-17T10:40:34","modified_gmt":"2021-02-17T09:40:34","slug":"merci-pour-votre-candidature","status":"publish","type":"page","link":"https:\/\/richel-group.cn\/fr\/merci-pour-votre-candidature\/","title":{"rendered":"Merci pour votre candidature"},"content":{"rendered":"<p>Bonjour,<\/p>\n<p>Nous venons d\u2019enregistrer votre candidature et vous remercions de l\u2019int\u00e9r\u00eat que vous portez \u00e0 notre Groupe.<\/p>\n<p>Nous allons \u00e9tudier votre dossier avec la plus grande attention. Si votre profil pr\u00e9sente un int\u00e9r\u00eat pour notre Groupe, nous vous contacterons dans les plus brefs d\u00e9lais. \u00a0Nous nous permettrons de conserver votre dossier de candidature pendant un an. Vous disposez d&#8217;un droit d&#8217;acc\u00e8s et de rectification aux informations qui vous concernent conform\u00e9ment au r\u00e8glement UE no 2016\/679 (R\u00e8glement G\u00e9n\u00e9ral sur la Protection des Donn\u00e9es), pour l&#8217;exercer contactez nous via le mail: rgpd@richel.fr<\/p>\n<p>Bien cordialement.<\/p>\n","protected":false},"excerpt":{"rendered":"<p>Bonjour, Nous venons d\u2019enregistrer votre candidature et vous remercions de l\u2019int\u00e9r\u00eat&#8230; <br \/><a class=\"readmore\" href=\"https:\/\/richel-group.cn\/fr\/merci-pour-votre-candidature\/\">Read more<\/a><\/p>\n","protected":false},"author":1,"featured_media":0,"parent":0,"menu_order":0,"comment_status":"closed","ping_status":"closed","template":"","meta":{"footnotes":""},"class_list":["post-7469","page","type-page","status-publish","hentry"],"_links":{"self":[{"href":"https:\/\/richel-group.cn\/fr\/wp-json\/wp\/v2\/pages\/7469","targetHints":{"allow":["GET"]}}],"collection":[{"href":"https:\/\/richel-group.cn\/fr\/wp-json\/wp\/v2\/pages"}],"about":[{"href":"https:\/\/richel-group.cn\/fr\/wp-json\/wp\/v2\/types\/page"}],"author":[{"embeddable":true,"href":"https:\/\/richel-group.cn\/fr\/wp-json\/wp\/v2\/users\/1"}],"replies":[{"embeddable":true,"href":"https:\/\/richel-group.cn\/fr\/wp-json\/wp\/v2\/comments?post=7469"}],"version-history":[{"count":1,"href":"https:\/\/richel-group.cn\/fr\/wp-json\/wp\/v2\/pages\/7469\/revisions"}],"predecessor-version":[{"id":7470,"href":"https:\/\/richel-group.cn\/fr\/wp-json\/wp\/v2\/pages\/7469\/revisions\/7470"}],"wp:attachment":[{"href":"https:\/\/richel-group.cn\/fr\/wp-json\/wp\/v2\/media?parent=7469"}],"curies":[{"name":"wp","href":"https:\/\/api.w.org\/{rel}","templated":true}]}}