{"id":3207,"date":"2017-03-27T11:20:48","date_gmt":"2017-03-27T09:20:48","guid":{"rendered":"https:\/\/richel.fr\/?page_id=3207\/"},"modified":"2021-04-28T17:24:44","modified_gmt":"2021-04-28T15:24:44","slug":"mentions-legales","status":"publish","type":"page","link":"https:\/\/richel-group.cn\/fr\/mentions-legales\/","title":{"rendered":"Mentions l\u00e9gales et conditions g\u00e9n\u00e9rales d&#8217;utilisation"},"content":{"rendered":"<h2>1. Editeur et h\u00e9bergeur du site<\/h2>\n<p><strong>Editeur<\/strong><br \/>\nLe site www.richel-group.fr (ci-apr\u00e8s d\u00e9nomm\u00e9 le \u00ab Site\u00bb) est \u00e9dit\u00e9 et la propri\u00e9t\u00e9 de :<\/p>\n<p>Richel Group<br \/>\nQuartier de la Gare<br \/>\n13810 EYGALIERES<br \/>\nEmail : info@richel.fr<br \/>\nT\u00e9l. : +33(0)4 90 95 14 68<br \/>\nFax : +33(0)4 90 95 12 93<\/p>\n<p>Directeur de la publication\u00a0:\u00a0Eve RICHEL LEPILLEUR<br \/>\nRICHEL GROUP est une SAS au capital de 1\u00a0699\u00a0572,80 \u20ac<br \/>\nRCS 950\u00a0012\u00a0245 Tarascon \u2013 Siret : 95001224500011 \u2013 APE : 2511Z<\/p>\n<p>Ce site a \u00e9t\u00e9 r\u00e9alis\u00e9 par l\u2019agence Kal\u00e9lia :<\/p>\n<p>3 all\u00e9e Susan Brownell Anthony<br \/>\n44200 Nantes<br \/>\nwww.kalelia.fr<\/p>\n<p>Cr\u00e9dits photographiques : Richel Group.<\/p>\n<p><strong>H\u00e9bergeur<\/strong><br \/>\nOVH<br \/>\nSAS au capital de 10 069 020 \u20ac<br \/>\nRCS Lille M\u00e9tropole 424 761 419 00045<br \/>\nCode APE 2620Z<br \/>\nN\u00b0 TVA : FR 22 424 761 419<br \/>\nSi\u00e8ge social : 2 rue Kellermann \u2013 59100 Roubaix \u2013 France<\/p>\n<h2>2. Conditions d\u2019utilisation du Site<\/h2>\n<p>Les pr\u00e9sentes Mentions L\u00e9gales constituent conditions d\u2019utilisation sont conclues entre tout internaute utilisateur ou visiteur du Site (ci-apr\u00e8s d\u00e9nomm\u00e9 \u00ab l\u2019Utilisateur \u00bb) et Richel Group (ci-apr\u00e8s d\u00e9nomm\u00e9 \u00ab Richel \u00bb).<\/p>\n<p>Richel se r\u00e9serve le droit, \u00e0 sa discr\u00e9tion, de modifier sans pr\u00e9avis les termes et conditions r\u00e9gissant ce Site. En cas de non-respect des termes et conditions r\u00e9gissant l\u2019acc\u00e8s \u00e0 ce Site, Richel se r\u00e9serve le droit d\u2019appliquer toutes les mesures n\u00e9cessaires, par la force de la loi. Ses termes et conditions s\u2019appliquent imm\u00e9diatement et ne sont pas limit\u00e9s dans le temps, \u00e0 tous les Utilisateurs. Richel ne saurait \u00eatre tenu pour responsable en aucune mani\u00e8re d\u2019une mauvaise utilisation du service.<\/p>\n<h2>3. Limitation de responsabilit\u00e9<\/h2>\n<p>Tout contenu t\u00e9l\u00e9charg\u00e9 se fait aux risques et p\u00e9rils de l\u2019Utilisateur et sous sa seule responsabilit\u00e9. En cons\u00e9quence Richel et toute soci\u00e9t\u00e9 ayant contribu\u00e9 \u00e0 la cr\u00e9ation et \u00e0 la mise en place de ce site ne peuvent \u00eatre tenues pour responsable d\u2019\u00e9ventuels dommages, virus, co\u00fbts, pertes, directs, accidentels ou indirects ou pour tout autre risque faisant suite \u00e0 l\u2019acc\u00e8s ou l\u2019utilisation de ce Site par l\u2019Utilisateur.<\/p>\n<p>Les informations contenues sur ce Site sont aussi pr\u00e9cises que possible et le Site est p\u00e9riodiquement remis \u00e0 jour, mais peut toutefois contenir des inexactitudes, des omissions ou des lacunes. Si vous constatez une lacune, erreur ou ce qui parait \u00eatre un dysfonctionnement, merci de bien vouloir le signaler par email \u00e0 l\u2019adresse info@richel.fr en d\u00e9crivant le probl\u00e8me de la mani\u00e8re la plus pr\u00e9cise possible (page posant probl\u00e8me, action d\u00e9clenchante, type d\u2019ordinateur et de navigateur utilis\u00e9\u2026). Richel ne pourra \u00eatre tenue responsable si l\u2019Utilisateur vendrait \u00e0 ne pas trouver un de nos produits en magasin.<\/p>\n<p>Richel s\u2019engage \u00e0 r\u00e9aliser ses meilleurs efforts pour assurer \u00e0 l\u2019Utilisateur une accessibilit\u00e9 du Site \u00e0 tout moment. Richel ne pourra \u00eatre tenu responsable, en cas d\u2019indisponibilit\u00e9 du Site, pour quelque cause que ce soit.<\/p>\n<p>Les photos publi\u00e9es sur le Site sont non contractuelles.<\/p>\n<h2>4. Liens vers d\u2019autres sites internet<\/h2>\n<p>Les liens hypertextes mis en place dans le cadre du pr\u00e9sent Site en direction d\u2019autres sites pr\u00e9sents sur le r\u00e9seau Internet sont donn\u00e9s \u00e0 titre informatif.<\/p>\n<p>Lesdits liens ne sauraient impliquer Richel en aucune mani\u00e8re : adh\u00e9sion aux contenus des pages Web vers lesquels renvoient ces liens, aux produits, publicit\u00e9s ou tous \u00e9l\u00e9ments ou services pr\u00e9sent\u00e9s sur ces sites internet.<\/p>\n<p>La s\u00e9curit\u00e9 informatique et la disponibilit\u00e9 des pages internet vers lesquelles certains liens figurant sur le Site peuvent renvoyer ne sont pas garanties.<\/p>\n<p>Richel ne saurait engager sa responsabilit\u00e9 pour tous dommages directs ou indirects qu\u2019elles qu\u2019en soient les causes, origines, natures ou cons\u00e9quences provoqu\u00e9es \u00e0 raison de l\u2019acc\u00e8s \u00e0 d\u2019autres sites. Les risques li\u00e9s \u00e0 cet acc\u00e8s incombent pleinement \u00e0 l\u2019Utilisateur, qui doit se conformer aux conditions d\u2019utilisation des autres sites internet.<\/p>\n<p>L\u2019Utilisateur ne peut mettre en place un lien hyperlien en direction du Site sans l\u2019autorisation expresse et pr\u00e9alable de Richel. Dans l\u2019hypoth\u00e8se o\u00f9 l\u2019Utilisateur souhaiterait mettre en place un lien hypertexte en direction du Site, il lui appartiendra d\u2019adresser un email \u00e0 l\u2019adresse info@richel.fr afin de formuler sa demande de mise en place d\u2019un lien hypertexte. Richel se r\u00e9serve le droit d\u2019accepter ou de refuser ladite demande sans avoir \u00e0 en justifier sa d\u00e9cision.<\/p>\n<h2>5. Litiges<\/h2>\n<p>Les pr\u00e9sentes conditions d\u2019utilisation sont r\u00e9gies par la loi fran\u00e7aise.<\/p>\n<p>A d\u00e9faut d\u2019accord amiable et sauf dispositions imp\u00e9ratives contraires, toute contestation ou litiges qui pourraient na\u00eetre de l\u2019interpr\u00e9tation ou de l\u2019ex\u00e9cution de celles-ci seront de la comp\u00e9tence exclusive des tribunaux dont d\u00e9pend le\u00a0si\u00e8ge social de Richel.<\/p>\n<p>La langue de r\u00e9f\u00e9rence, pour le r\u00e8glement de contentieux \u00e9ventuels, est le fran\u00e7ais.<\/p>\n<h2>6. Protection des donn\u00e9es personnelles<\/h2>\n<p>Richel s\u2019engage \u00e0 mettre en \u0153uvre des mesures ad\u00e9quates pour assurer la protection, la confidentialit\u00e9 et la s\u00e9curit\u00e9 des donn\u00e9es \u00e0 caract\u00e8re personnel de l\u2019Utilisateur ainsi qu\u2019\u00e0 traiter et utiliser de telles donn\u00e9es dans le respect des dispositions applicables et notamment du R\u00e8glement Europ\u00e9en 2016\/679 du 27 avril 2016 (le \u00ab R\u00e8glement G\u00e9n\u00e9ral sur la Protection des Donn\u00e9es \u00bb ou \u00ab\u00a0RGPD\u00a0\u00bb),\u00a0de la loi 78-17 du 6 janvier 1978 (modifi\u00e9e par la loi 2004-801 du 6 ao\u00fbt 2004 relative \u00e0 la protection des personnes physiques \u00e0 l\u2019\u00e9gard des traitements de donn\u00e9es \u00e0 caract\u00e8re personnel) relative \u00e0 l\u2019informatique, aux fichiers et aux libert\u00e9s, et de toute loi ou r\u00e8glementation qui viendrait la compl\u00e9ter ou la substituer.<\/p>\n<p>La pr\u00e9sente politique de protection des donn\u00e9es \u00e0 caract\u00e8re personnel a pour objectif d\u2019informer l\u2019Utilisateur sur la mani\u00e8re dont Richel traite ses donn\u00e9es et sur les engagements pris par Richel afin de veiller au respect des donn\u00e9es \u00e0 caract\u00e8re personnel de l\u2019Utilisateur.<\/p>\n<p>Richel veille \u00e0 ne collecter et ne traiter que des donn\u00e9es strictement n\u00e9cessaires au regard de la finalit\u00e9 pour laquelle elles sont trait\u00e9es.<\/p>\n<p>Les traitements mis en \u0153uvre par Richel r\u00e9pondent \u00e0 une finalit\u00e9s explicite, l\u00e9gitime et d\u00e9termin\u00e9e.<\/p>\n<p>Les donn\u00e9es de l\u2019Utilisateur sont trait\u00e9es principalement pour les finalit\u00e9s suivantes\u00a0:<\/p>\n<p>\u2013\u00a0\u00a0\u00a0\u00a0\u00a0\u00a0 La gestion des demandes d\u2019information de quelque nature que ce soit, formul\u00e9es par les Utilisateurs \u00e0 travers le Site<br \/>\n\u2013\u00a0\u00a0\u00a0\u00a0\u00a0\u00a0 La gestion des commandes des produits commercialis\u00e9s par Richel<br \/>\n\u2013\u00a0\u00a0\u00a0\u00a0\u00a0\u00a0 La gestion des candidatures re\u00e7ues par Richel<br \/>\n\u2013\u00a0\u00a0\u00a0\u00a0\u00a0\u00a0 La gestion des envois de documentation ou invitation aux \u00e9v\u00e8nements organis\u00e9s par Richel<br \/>\n\u2013\u00a0\u00a0\u00a0\u00a0\u00a0\u00a0 La r\u00e9alisation d\u2019analyses ou de donn\u00e9es statistiques<br \/>\n\u2013\u00a0\u00a0\u00a0\u00a0\u00a0\u00a0 Plus g\u00e9n\u00e9ralement, toute communication n\u00e9cessaire entre Richel te les Utilisateurs<\/p>\n<p>De m\u00eame, et sous r\u00e9serve de son absence d\u2019opposition, les Utilisateurs pourront recevoir de contenus informationnels sur diff\u00e9rents sujets li\u00e9s \u00e0 l\u2019activit\u00e9 de Richel.<\/p>\n<p>Richel ne communique les donn\u00e9es \u00e0 caract\u00e8re personnel de l\u2019Utilisateur qu\u2019\u00e0 des destinataires habilit\u00e9s et d\u00e9termin\u00e9s.<\/p>\n<p>Richel ne conserve les donn\u00e9es \u00e0 caract\u00e8re personnel de l\u2019Utilisateur que pour la dur\u00e9e n\u00e9cessaire aux op\u00e9rations pour lesquelles elles ont \u00e9t\u00e9 collect\u00e9es, ainsi que dans le respect de la l\u00e9gislation en vigueur.<\/p>\n<p>Les donn\u00e9es \u00e0 caract\u00e8re personnel de l\u2019Utilisateur pourront \u00eatre communiqu\u00e9es \u00e0 des tiers, agissant en qualit\u00e9 de sous-traitants, li\u00e9s par un contrat de sous-traitance pour ex\u00e9cuter notamment des services d\u2019h\u00e9bergement, de stockage, de communication, de traitement de donn\u00e9es, de gestion de bases de donn\u00e9es ou encore d\u2019infog\u00e9rance informatique. Ces sous- traitants n\u2019agissent que sur instructions de Richel et n\u2019auront acc\u00e8s aux donn\u00e9es \u00e0 caract\u00e8re personnel de l\u2019Utilisateur que pour ex\u00e9cuter leurs services.<\/p>\n<p>Les donn\u00e9es \u00e0 caract\u00e8re personnel de l\u2019Utilisateur collect\u00e9es et trait\u00e9es dans ce contexte sont h\u00e9berg\u00e9es au sein de l\u2019Union Europ\u00e9enne et ne font l\u2019objet d\u2019aucun transfert en dehors de l\u2019Union Europ\u00e9enne. En application de la r\u00e8glementation en vigueur, l\u2019Utilisateur dispose d\u2019un droit d\u2019acc\u00e8s, de rectification, de limitation de traitement et de suppression des donn\u00e9es \u00e0 caract\u00e8re personnel le concernant et faisant l\u2019objet de traitements sous la responsabilit\u00e9 de Richel. Pour faire exercer ces droits, l\u2019Utilisateur peut s\u2019adresser au D\u00e9l\u00e9gu\u00e9 \u00e0 la protection des donn\u00e9es (\u00ab\u00a0DPO\u00a0\u00bb) par courrier \u00e9lectronique \u00e0 l\u2019adresse suivante\u00a0: info@richel.fr ou par courrier postal \u00e0 l\u2019adresse suivante\u00a0: DPO Richel Group \u2013 Quartier de la Gare, 13810 EYGALIERES.<\/p>\n<p>Les informations personnelles collect\u00e9es ne sont en aucun cas communiqu\u00e9es \u00e0 des tiers hormis pour l\u2019\u00e9ventuelle bonne ex\u00e9cution de la prestation command\u00e9e par l\u2019Utilisateur.<\/p>\n<h2>7. Propri\u00e9t\u00e9 intellectuelle<\/h2>\n<p>L\u2019acc\u00e8s au Site conf\u00e8re \u00e0 l\u2019Utilisateur un droit d\u2019usage priv\u00e9 et non exclusif de ce Site.<\/p>\n<p>Tout le contenu du pr\u00e9sent Site, incluant, de fa\u00e7on non limitative, les graphismes, images, textes, vid\u00e9os, animations, sons, logos et ic\u00f4nes ainsi que leur mise en forme sont la propri\u00e9t\u00e9 exclusive de la soci\u00e9t\u00e9 Richel \u00e0 l\u2019exception des marques, logos ou contenus appartenant \u00e0 d\u2019autres soci\u00e9t\u00e9s partenaires ou auteurs.<\/p>\n<p>Toute reproduction, distribution, modification, adaptation, retransmission ou publication, m\u00eame partielle, de ces diff\u00e9rents \u00e9l\u00e9ments est strictement interdite sans l\u2019accord expr\u00e8s par \u00e9crit Richel.<\/p>\n<p>Cette repr\u00e9sentation ou reproduction, par quelque proc\u00e9d\u00e9 que ce soit, constitue une contrefa\u00e7on sanctionn\u00e9e par les articles L.335-2 et suivants du Code de la propri\u00e9t\u00e9 intellectuelle. Le non-respect de cette interdiction constitue une contrefa\u00e7on pouvant engager la responsabilit\u00e9 civile et p\u00e9nale du contrefacteur. En outre, les propri\u00e9taires des contenus copi\u00e9s pourraient intenter une action en justice \u00e0 votre encontre.<\/p>\n<p>Ce Site respecte le droit d\u2019auteur. Tous les droits des auteurs des \u0153uvres prot\u00e9g\u00e9es reproduites et communiqu\u00e9es sur ce site, sont r\u00e9serv\u00e9s. Sauf autorisation, toute utilisation des \u0153uvres autres que la reproduction et la consultation individuelles et priv\u00e9es sont interdites.<\/p>\n<h2>8. Cookies<\/h2>\n<p>Pour des besoins de statistiques et d\u2019affichage, le pr\u00e9sent Site utilise des cookies. Les \u00ab\u00a0cookies\u00a0\u00bb sont des fichiers textes d\u00e9pos\u00e9s sur votre ordinateur lors de la visite d\u2019un site. Il permet d\u2019enregistrer des donn\u00e9es techniques afin de facilite la navigation de l\u2019Utilisateur et de permettre certaines fonctionnalit\u00e9s. Il ne s\u2019agit ni d\u2019un programme ex\u00e9cutable, ni d\u2019un virus. Un cookie ne peut lire les informations sur le disque dur de l\u2019Utilisateur, ni lire les autres fichiers de cookies cr\u00e9\u00e9s par d\u2019autres sites. L\u2019Utilisateur peut activer ou d\u00e9sactiver les cookies. Pour b\u00e9n\u00e9ficier de l\u2019ensemble des fonctionnalit\u00e9s du site, il est conseill\u00e9 d\u2019activer les cookies.<\/p>\n<p>En naviguant sur le Site, l\u2019Utilisateur accepte l\u2019utilisation de cookies dans les conditions d\u00e9crites ci-apr\u00e8s. Si l\u2019Utilisateur ne souhaite pas accepter ces cookies, il peut les d\u00e9sactiver en suivant les instructions d\u00e9crites ci-apr\u00e8s.<\/p>\n<p>Le Site utilise les cookies si l\u2019Utilisateur le permet pour obtenir des informations sur le trafic g\u00e9n\u00e9r\u00e9. Richel est ainsi en mesure de d\u00e9terminer l\u2019usage que l\u2019Utilisateur fait des informations mises \u00e0 sa disposition sur ce Site, ainsi que pour v\u00e9rifier la pertinence de son sch\u00e9ma de navigation avec ses informations. Richel ne fait pas de corr\u00e9lation entre les cookies et les informations personnelles que l\u2019Utilisateur a pu fournir, et ne vend pas ces informations \u00e0 une tierce-partie.<\/p>\n<p>L\u2019utilisateur est libre de param\u00e9trer ses choix pour accepter les cookies ou non, ou s\u2019y opposer ou \u00eatre inform\u00e9 lorsque le Site veut \u00e9crire un cookie. L\u2019utilisateur est \u00e9galement libre de modifier ses pr\u00e9f\u00e9rences \u00e0 tout moment en cliquant sur le lien pr\u00e9vu \u00e0 cet effet (bandeau \u00ab\u00a0Param\u00e8tres des cookies\u00a0\u00bb) en bas de page de ce site ou en r\u00e9glant les \u00ab\u00a0pr\u00e9f\u00e9rences Internet\u00a0\u00bb du navigateur web utilis\u00e9.<\/p>\n<h2>9. Loi applicable<\/h2>\n<p>Le pr\u00e9sent site est r\u00e9gi par les lois fran\u00e7aises.<\/p>\n<p>Le Site et les pr\u00e9sentes conditions d\u2019utilisation sont r\u00e9gis par la loi fran\u00e7aise, \u00e0 l\u2019exclusion de toute autre loi ou convention, et tout litige \u00e0 leur sujet rel\u00e8vera de la comp\u00e9tence exclusive des tribunaux de Marseille.<\/p>\n<h2>10. Contactez-nous<\/h2>\n<p>Richel est \u00e0 votre disposition pour \u00a0tous vos commentaires, suggestions ou demandes par voie postale ou courrier \u00e9lectronique \u00e0 : info@richel.fr<\/p>\n","protected":false},"excerpt":{"rendered":"<p>1. Editeur et h\u00e9bergeur du site Editeur Le site www.richel-group.fr (ci-apr\u00e8s&#8230; <br \/><a class=\"readmore\" href=\"https:\/\/richel-group.cn\/fr\/mentions-legales\/\">Read more<\/a><\/p>\n","protected":false},"author":1,"featured_media":462,"parent":0,"menu_order":0,"comment_status":"closed","ping_status":"closed","template":"","meta":{"footnotes":""},"class_list":["post-3207","page","type-page","status-publish","has-post-thumbnail","hentry"],"_links":{"self":[{"href":"https:\/\/richel-group.cn\/fr\/wp-json\/wp\/v2\/pages\/3207","targetHints":{"allow":["GET"]}}],"collection":[{"href":"https:\/\/richel-group.cn\/fr\/wp-json\/wp\/v2\/pages"}],"about":[{"href":"https:\/\/richel-group.cn\/fr\/wp-json\/wp\/v2\/types\/page"}],"author":[{"embeddable":true,"href":"https:\/\/richel-group.cn\/fr\/wp-json\/wp\/v2\/users\/1"}],"replies":[{"embeddable":true,"href":"https:\/\/richel-group.cn\/fr\/wp-json\/wp\/v2\/comments?post=3207"}],"version-history":[{"count":6,"href":"https:\/\/richel-group.cn\/fr\/wp-json\/wp\/v2\/pages\/3207\/revisions"}],"predecessor-version":[{"id":14025,"href":"https:\/\/richel-group.cn\/fr\/wp-json\/wp\/v2\/pages\/3207\/revisions\/14025"}],"wp:featuredmedia":[{"embeddable":true,"href":"https:\/\/richel-group.cn\/fr\/wp-json\/wp\/v2\/media\/462"}],"wp:attachment":[{"href":"https:\/\/richel-group.cn\/fr\/wp-json\/wp\/v2\/media?parent=3207"}],"curies":[{"name":"wp","href":"https:\/\/api.w.org\/{rel}","templated":true}]}}