{"id":14,"date":"2016-10-28T10:00:50","date_gmt":"2016-10-28T08:00:50","guid":{"rendered":"https:\/\/richel.fr\/?page_id=14"},"modified":"2021-07-09T12:18:46","modified_gmt":"2021-07-09T10:18:46","slug":"telechargements","status":"publish","type":"page","link":"https:\/\/richel-group.cn\/fr\/telechargements\/","title":{"rendered":"T\u00e9l\u00e9chargements"},"content":{"rendered":"<h3>Brochure Serre Venlo<\/h3>\n<p><img loading=\"lazy\" decoding=\"async\" class=\"alignleft size-full wp-image-759\" src=\"https:\/\/richel-group.fr\/wp-content\/uploads\/2016\/10\/RICHEL-Plaquette-serre-Venlo-web-FR-1.jpg\" alt=\"richel-plaquette-serre-venlo-web-fr-1\" width=\"90\" height=\"128\" \/><\/p>\n<p><a href=\"https:\/\/richel-group.fr\/wp-content\/uploads\/2016\/10\/RICHEL-Plaquette-serre-Venlo-web-FR.pdf\" target=\"_blank\" rel=\"noopener noreferrer\">T\u00e9l\u00e9charger la brochure Serre Venlo &#8211; Fran\u00e7ais<\/a><\/p>\n<p>&nbsp;<\/p>\n<p>&nbsp;<\/p>\n<p>&nbsp;<\/p>\n<p>&nbsp;<\/p>\n<h3>Brochure Serre Plastique<\/h3>\n<p><img loading=\"lazy\" decoding=\"async\" class=\"alignleft size-full wp-image-766\" src=\"https:\/\/richel-group.fr\/wp-content\/uploads\/2016\/10\/RICHEL-Plaquette-serre-plastique-web-FR-1.jpg\" alt=\"richel-plaquette-serre-plastique-web-fr-1\" width=\"90\" height=\"128\" \/><\/p>\n<p><a href=\"https:\/\/richel-group.fr\/wp-content\/uploads\/2016\/10\/RICHEL-Plaquette-serre-plastique-web-FR.pdf\" target=\"_blank\" rel=\"noopener noreferrer\">T\u00e9l\u00e9charger la brochure Serre Plastique &#8211; Fran\u00e7ais<\/a><\/p>\n<p>&nbsp;<\/p>\n<h3><\/h3>\n<p>&nbsp;<\/p>\n<h3><\/h3>\n<p>&nbsp;<\/p>\n<h3>Fiche technique Multi-tunnels<\/h3>\n<p><img loading=\"lazy\" decoding=\"async\" class=\"alignleft size-full wp-image-772\" src=\"https:\/\/richel-group.fr\/wp-content\/uploads\/2016\/10\/RICHEL-Fiche-technique-Multi-tunnel-FR-bordBLC-HD-1.jpg\" alt=\"richel-fiche-technique-multi-tunnel-fr-bordblc-hd-1\" width=\"90\" height=\"128\" \/><\/p>\n<p><a href=\"https:\/\/richel-group.fr\/wp-content\/uploads\/2016\/10\/RICHEL-Fiche-technique-Multi-tunnel-FR-bordBLC-HD.pdf\" target=\"_blank\" rel=\"noopener noreferrer\">T\u00e9l\u00e9charger la fiche technique Multi-tunnels<\/a><\/p>\n<p>&nbsp;<\/p>\n<p>&nbsp;<\/p>\n<p>&nbsp;<\/p>\n<h3><\/h3>\n<p>&nbsp;<\/p>\n<h3>Brochure Tunnel OV90<\/h3>\n<p style=\"text-align: left;\"><a href=\"https:\/\/richel-group.fr\/wp-content\/uploads\/2016\/10\/RICHEL-Fiche-technique-Multi-tunnel-FR-bordBLC-HD.pdf\" target=\"_blank\" rel=\"noopener noreferrer\"><img loading=\"lazy\" decoding=\"async\" class=\"wp-image-4925 alignleft\" src=\"https:\/\/richel-group.fr\/wp-content\/uploads\/2018\/07\/brochure_tunnel_ov90.png\" alt=\"\" width=\"90\" height=\"128\" \/><\/a><\/p>\n<p><a href=\"https:\/\/richel-group.fr\/wp-content\/uploads\/2017\/12\/Plaquette-TUNNEL-OV90-2017-FR-PaP.pdf\" target=\"_blank\" rel=\"noopener noreferrer\">T\u00e9l\u00e9charger la brochure Tunnel OV90 <\/a><\/p>\n<p>&nbsp;<\/p>\n<p>&nbsp;<\/p>\n<p>&nbsp;<\/p>\n<h3><\/h3>\n<p>&nbsp;<\/p>\n<h3>Fiche produit Kal\u00e9o &#8211; Energy by Richel<\/h3>\n<p><img loading=\"lazy\" decoding=\"async\" class=\"alignleft wp-image-8986\" src=\"https:\/\/richel-group.fr\/wp-content\/uploads\/2020\/01\/Capture.png\" alt=\"\" width=\"102\" height=\"128\" srcset=\"https:\/\/richel-group.cn\/wp-content\/uploads\/2020\/01\/Capture.png 645w, https:\/\/richel-group.cn\/wp-content\/uploads\/2020\/01\/Capture-238x300.png 238w\" sizes=\"auto, (max-width: 102px) 100vw, 102px\" \/><\/p>\n<p><a href=\"https:\/\/richel-group.mx\/wp-content\/uploads\/2020\/02\/RICHEL_FicheProduit_Kaleo_FR.pdf\">T\u00e9l\u00e9charger la fiche Kal\u00e9o<\/a><\/p>\n<p>&nbsp;<\/p>\n<p>&nbsp;<\/p>\n<p>&nbsp;<\/p>\n<p>&nbsp;<\/p>\n<h3>Fiche prestation de maintenance<\/h3>\n<p><img loading=\"lazy\" decoding=\"async\" class=\"alignleft wp-image-14538\" src=\"https:\/\/richel-group.fr\/wp-content\/uploads\/2021\/06\/Capture.png\" alt=\"\" width=\"118\" height=\"160\" srcset=\"https:\/\/richel-group.cn\/wp-content\/uploads\/2021\/06\/Capture.png 622w, https:\/\/richel-group.cn\/wp-content\/uploads\/2021\/06\/Capture-221x300.png 221w\" sizes=\"auto, (max-width: 118px) 100vw, 118px\" \/><\/p>\n<h3><\/h3>\n<p><span style=\"font-size: 12pt;\"><a href=\"https:\/\/richel-group.fr\/wp-content\/uploads\/2021\/06\/210611_RICHEL_FicheServices_HD.pdf\">T\u00e9l\u00e9charger la fiche prestation de maintenance<\/a><\/span><\/p>\n","protected":false},"excerpt":{"rendered":"<p>Brochure Serre Venlo T\u00e9l\u00e9charger la brochure Serre Venlo &#8211; Fran\u00e7ais &nbsp;&#8230; <br \/><a class=\"readmore\" href=\"https:\/\/richel-group.cn\/fr\/telechargements\/\">Read more<\/a><\/p>\n","protected":false},"author":1,"featured_media":589,"parent":0,"menu_order":0,"comment_status":"closed","ping_status":"closed","template":"","meta":{"footnotes":""},"class_list":["post-14","page","type-page","status-publish","has-post-thumbnail","hentry"],"_links":{"self":[{"href":"https:\/\/richel-group.cn\/fr\/wp-json\/wp\/v2\/pages\/14","targetHints":{"allow":["GET"]}}],"collection":[{"href":"https:\/\/richel-group.cn\/fr\/wp-json\/wp\/v2\/pages"}],"about":[{"href":"https:\/\/richel-group.cn\/fr\/wp-json\/wp\/v2\/types\/page"}],"author":[{"embeddable":true,"href":"https:\/\/richel-group.cn\/fr\/wp-json\/wp\/v2\/users\/1"}],"replies":[{"embeddable":true,"href":"https:\/\/richel-group.cn\/fr\/wp-json\/wp\/v2\/comments?post=14"}],"version-history":[{"count":9,"href":"https:\/\/richel-group.cn\/fr\/wp-json\/wp\/v2\/pages\/14\/revisions"}],"predecessor-version":[{"id":14833,"href":"https:\/\/richel-group.cn\/fr\/wp-json\/wp\/v2\/pages\/14\/revisions\/14833"}],"wp:featuredmedia":[{"embeddable":true,"href":"https:\/\/richel-group.cn\/fr\/wp-json\/wp\/v2\/media\/589"}],"wp:attachment":[{"href":"https:\/\/richel-group.cn\/fr\/wp-json\/wp\/v2\/media?parent=14"}],"curies":[{"name":"wp","href":"https:\/\/api.w.org\/{rel}","templated":true}]}}