{"id":10,"date":"2016-10-28T10:00:19","date_gmt":"2016-10-28T08:00:19","guid":{"rendered":"https:\/\/richel.fr\/?page_id=10"},"modified":"2021-07-22T12:09:53","modified_gmt":"2021-07-22T10:09:53","slug":"nos-recrutements","status":"publish","type":"page","link":"https:\/\/richel-group.cn\/fr\/nos-recrutements\/","title":{"rendered":"Carri\u00e8re"},"content":{"rendered":"<p style=\"text-align: justify;\">Le groupe <strong>RICHEL<\/strong>, depuis sa cr\u00e9ation en 1964, est devenu un acteur majeur \u00e0 l&#8217;\u00e9chelle internationale. Nous concevons, fabriquons et r\u00e9alisons des <a href=\"https:\/\/richel-group.fr\/\">solutions compl\u00e8tes de serres<\/a> et d&#8217;<a href=\"https:\/\/toutabri.fr\/\">abris<\/a> dans le domaine de l&#8217;agriculture, du b\u00e2timent et de l&#8217;industrie. Apporter des solutions fiables, durables et performantes est notre <a href=\"https:\/\/richel-group.fr\/mission-vision-valeurs\/\">mission<\/a>.<\/p>\n<p style=\"text-align: justify;\"><strong>Entreprise familiale<\/strong>, nous sommes avant tout une <strong>entreprise humaine<\/strong>. Le <strong>respect des engagements<\/strong>, <strong>la<\/strong> <strong>pers\u00e9v\u00e9rance<\/strong> et <strong>l&#8217;ouverture d&#8217;esprit<\/strong> sont les valeurs qui nous rassemblent. Nous recrutons r\u00e9guli\u00e8rement des talents pour accompagner notre d\u00e9veloppement en France et \u00e0 l&#8217;<a href=\"https:\/\/richel-group.fr\/une-activite-internationale\/\">international<\/a>. Nos p\u00f4les de comp\u00e9tences vari\u00e9s sont une opportunit\u00e9 pour des parcours professionnels diversifi\u00e9s et ambitieux.<\/p>\n<p style=\"text-align: justify;\">Rejoignez-nous!<\/p>\n<p style=\"text-align: justify;\"><span style=\"font-size: 8pt;\">En application des dispositions de l&#8217;article D.1142-4 du code du travail, l&#8217;indice obtenu par le Groupe RICHEL au regard des indicateurs d\u00e9fini par l&#8217;article D.1142-2-1 du code du travail n&#8217;est \u00a0pas d\u00e9terminable car le maximum des points des indices calculables est inf\u00e9rieur \u00e0 75 (l&#8217;indicateur 1 n&#8217;est pas calculable \u00e0 ce jour).<\/span><\/p>\n","protected":false},"excerpt":{"rendered":"<p>Le groupe RICHEL, depuis sa cr\u00e9ation en 1964, est devenu un&#8230; <br \/><a class=\"readmore\" href=\"https:\/\/richel-group.cn\/fr\/nos-recrutements\/\">Read more<\/a><\/p>\n","protected":false},"author":1,"featured_media":13771,"parent":0,"menu_order":0,"comment_status":"closed","ping_status":"closed","template":"page-recrutement.php","meta":{"footnotes":""},"class_list":["post-10","page","type-page","status-publish","has-post-thumbnail","hentry"],"_links":{"self":[{"href":"https:\/\/richel-group.cn\/fr\/wp-json\/wp\/v2\/pages\/10","targetHints":{"allow":["GET"]}}],"collection":[{"href":"https:\/\/richel-group.cn\/fr\/wp-json\/wp\/v2\/pages"}],"about":[{"href":"https:\/\/richel-group.cn\/fr\/wp-json\/wp\/v2\/types\/page"}],"author":[{"embeddable":true,"href":"https:\/\/richel-group.cn\/fr\/wp-json\/wp\/v2\/users\/1"}],"replies":[{"embeddable":true,"href":"https:\/\/richel-group.cn\/fr\/wp-json\/wp\/v2\/comments?post=10"}],"version-history":[{"count":6,"href":"https:\/\/richel-group.cn\/fr\/wp-json\/wp\/v2\/pages\/10\/revisions"}],"predecessor-version":[{"id":14906,"href":"https:\/\/richel-group.cn\/fr\/wp-json\/wp\/v2\/pages\/10\/revisions\/14906"}],"wp:featuredmedia":[{"embeddable":true,"href":"https:\/\/richel-group.cn\/fr\/wp-json\/wp\/v2\/media\/13771"}],"wp:attachment":[{"href":"https:\/\/richel-group.cn\/fr\/wp-json\/wp\/v2\/media?parent=10"}],"curies":[{"name":"wp","href":"https:\/\/api.w.org\/{rel}","templated":true}]}}